{"id":2,"date":"2023-10-31T20:04:01","date_gmt":"2023-10-31T23:04:01","guid":{"rendered":"http:\/\/harmonia2023.tljmkt.com.br\/?page_id=2"},"modified":"2024-02-27T13:37:18","modified_gmt":"2024-02-27T16:37:18","slug":"pagina-exemplo","status":"publish","type":"page","link":"http:\/\/harmonia2023.tljmkt.com.br\/","title":{"rendered":"Harmonia &#8211; S\u00e3o Jos\u00e9 dos Campos"},"content":{"rendered":"\n<p class=\"has-text-align-justify\">O Empreendimento Harmonia com apartamentos de 2 dormit\u00f3rios e \u00e1rea de lazer espetacular ser\u00e1 constru\u00eddo na regi\u00e3o de Eug\u00eanio de Melo em frente ao Col\u00e9gio Embraer, uma das melhores localiza\u00e7\u00f5es de S\u00e3o Jos\u00e9 dos Campos\/SP.<\/p>\n\n\n\n<p class=\"has-text-align-justify\">Enquadrado no Minha Casa Minha Vida, por\u00e9m com qualidade muito superior ao que voc\u00ea j\u00e1 viu.<\/p>\n\n\n<style type=\"text\/css\">\r\n\t#foogallery-gallery-66 .fg-image {\r\n        width: 150px;\r\n    }\r\n<\/style>\r\n\t\t\t\t<div class=\"foogallery foogallery-container foogallery-default foogallery-lightbox-foogallery fg-gutter-10 fg-center fg-m-col3 fg-default fg-light fg-loading-default fg-loaded-swing-down fg-caption-hover fg-hover-fade fg-hover-zoom fg-ready\" id=\"foogallery-gallery-66\" data-foogallery=\"{&quot;item&quot;:{&quot;showCaptionTitle&quot;:true,&quot;showCaptionDescription&quot;:true},&quot;lazy&quot;:true}\" >\r\n\t<div class=\"fg-item fg-type-image fg-idle\"><figure class=\"fg-item-inner\"><a data-attachment-id=\"64\" class=\"fg-thumb\"><span class=\"fg-image-wrap\"><img decoding=\"async\" width=\"150\" height=\"150\" class=\"skip-lazy fg-image\" data-src-fg=\"http:\/\/harmonia2023.tljmkt.com.br\/wp-content\/uploads\/2023\/11\/MCMV-acabamento.webp\" src=\"data:image\/svg+xml,%3Csvg%20xmlns%3D%22http%3A%2F%2Fwww.w3.org%2F2000%2Fsvg%22%20width%3D%22150%22%20height%3D%22150%22%20viewBox%3D%220%200%20150%20150%22%3E%3C%2Fsvg%3E\" loading=\"eager\"><\/span><span class=\"fg-image-overlay\"><\/span><\/a><figcaption class=\"fg-caption\"><div class=\"fg-caption-inner\"><\/div><\/figcaption><\/figure><div class=\"fg-loader\"><\/div><\/div><div class=\"fg-item fg-type-image fg-idle\"><figure class=\"fg-item-inner\"><a data-attachment-id=\"63\" class=\"fg-thumb\"><span class=\"fg-image-wrap\"><img decoding=\"async\" width=\"150\" height=\"150\" class=\"skip-lazy fg-image\" data-src-fg=\"http:\/\/harmonia2023.tljmkt.com.br\/wp-content\/uploads\/2023\/11\/MCMV-premium.webp\" src=\"data:image\/svg+xml,%3Csvg%20xmlns%3D%22http%3A%2F%2Fwww.w3.org%2F2000%2Fsvg%22%20width%3D%22150%22%20height%3D%22150%22%20viewBox%3D%220%200%20150%20150%22%3E%3C%2Fsvg%3E\" loading=\"eager\"><\/span><span class=\"fg-image-overlay\"><\/span><\/a><figcaption class=\"fg-caption\"><div class=\"fg-caption-inner\"><\/div><\/figcaption><\/figure><div class=\"fg-loader\"><\/div><\/div><div class=\"fg-item fg-type-image fg-idle\"><figure class=\"fg-item-inner\"><a data-attachment-id=\"65\" class=\"fg-thumb\"><span class=\"fg-image-wrap\"><img decoding=\"async\" width=\"150\" height=\"150\" class=\"skip-lazy fg-image\" data-src-fg=\"http:\/\/harmonia2023.tljmkt.com.br\/wp-content\/uploads\/2023\/11\/MCMV-financiament.webp\" src=\"data:image\/svg+xml,%3Csvg%20xmlns%3D%22http%3A%2F%2Fwww.w3.org%2F2000%2Fsvg%22%20width%3D%22150%22%20height%3D%22150%22%20viewBox%3D%220%200%20150%20150%22%3E%3C%2Fsvg%3E\" loading=\"eager\"><\/span><span class=\"fg-image-overlay\"><\/span><\/a><figcaption class=\"fg-caption\"><div class=\"fg-caption-inner\"><\/div><\/figcaption><\/figure><div class=\"fg-loader\"><\/div><\/div><\/div>\r\n\n\n\n<div class=\"wp-block-image\">\n<figure class=\"aligncenter size-full\"><img decoding=\"async\" width=\"392\" height=\"101\" src=\"https:\/\/i0.wp.com\/harmonia2023.tljmkt.com.br\/wp-content\/uploads\/2023\/11\/25-anos-mais-arbore-1.gif?resize=392%2C101&#038;ssl=1\" alt=\"\" class=\"wp-image-119\" data-recalc-dims=\"1\"\/><\/figure>\n<\/div>","protected":false},"excerpt":{"rendered":"<p>O Empreendimento Harmonia com apartamentos de 2 dormit\u00f3rios e \u00e1rea de lazer espetacular ser\u00e1 constru\u00eddo na regi\u00e3o de Eug\u00eanio de Melo em frente ao Col\u00e9gio Embraer, uma das melhores localiza\u00e7\u00f5es de S\u00e3o Jos\u00e9 dos Campos\/SP. Enquadrado no Minha Casa Minha Vida, por\u00e9m com qualidade muito superior ao que voc\u00ea j\u00e1 viu.<\/p>\n","protected":false},"author":1,"featured_media":0,"parent":0,"menu_order":0,"comment_status":"closed","ping_status":"open","template":"","meta":{"_editorskit_title_hidden":false,"_editorskit_reading_time":0,"_editorskit_is_block_options_detached":false,"_editorskit_block_options_position":"{}","footnotes":""},"class_list":["post-2","page","type-page","status-publish","hentry"],"jetpack_sharing_enabled":true,"_links":{"self":[{"href":"http:\/\/harmonia2023.tljmkt.com.br\/index.php?rest_route=\/wp\/v2\/pages\/2","targetHints":{"allow":["GET"]}}],"collection":[{"href":"http:\/\/harmonia2023.tljmkt.com.br\/index.php?rest_route=\/wp\/v2\/pages"}],"about":[{"href":"http:\/\/harmonia2023.tljmkt.com.br\/index.php?rest_route=\/wp\/v2\/types\/page"}],"author":[{"embeddable":true,"href":"http:\/\/harmonia2023.tljmkt.com.br\/index.php?rest_route=\/wp\/v2\/users\/1"}],"replies":[{"embeddable":true,"href":"http:\/\/harmonia2023.tljmkt.com.br\/index.php?rest_route=%2Fwp%2Fv2%2Fcomments&post=2"}],"version-history":[{"count":12,"href":"http:\/\/harmonia2023.tljmkt.com.br\/index.php?rest_route=\/wp\/v2\/pages\/2\/revisions"}],"predecessor-version":[{"id":156,"href":"http:\/\/harmonia2023.tljmkt.com.br\/index.php?rest_route=\/wp\/v2\/pages\/2\/revisions\/156"}],"wp:attachment":[{"href":"http:\/\/harmonia2023.tljmkt.com.br\/index.php?rest_route=%2Fwp%2Fv2%2Fmedia&parent=2"}],"curies":[{"name":"wp","href":"https:\/\/api.w.org\/{rel}","templated":true}]}}